{"id":42,"date":"2023-10-09T12:06:25","date_gmt":"2023-10-09T10:06:25","guid":{"rendered":"https:\/\/sport.usine23.com\/tac\/?page_id=42"},"modified":"2023-10-09T12:06:25","modified_gmt":"2023-10-09T10:06:25","slug":"mentions-legales","status":"publish","type":"page","link":"https:\/\/sport.usine23.com\/tac\/mentions-legales\/","title":{"rendered":"Mentions l\u00e9gales"},"content":{"rendered":"\n<h2 class=\"wp-block-heading\">Le site<\/h2>\n\n\n\n<p>Les mentions l\u00e9gales ci-dessous concernent le site sport.usine23.com<\/p>\n\n\n\n<h2 class=\"wp-block-heading\">Propri\u00e9taire<\/h2>\n\n\n\n<p>Shoes10<br>3 rue Brulard, 10000 Troyes, France<br>SIRET : 49848002900038<br>RCS : Troyes<br>T\u00e9l. : (+33) 3.25.45.77.99<\/p>\n\n\n\n<h2 class=\"wp-block-heading\">Responsable d&rsquo;\u00e9dition<\/h2>\n\n\n\n<p>Shoes10<br>3 rue Brulard, 10000 Troyes, France<br>SIRET : 49848002900038<br>RCS : Troyes<br>T\u00e9l. : (+33) 3.25.45.77.99<\/p>\n\n\n\n<p>ET<\/p>\n\n\n\n<p>Thorvilliers Athletic Club<\/p>\n\n\n\n<h2 class=\"wp-block-heading\">D\u00e9veloppement et infog\u00e9rance<\/h2>\n\n\n\n<p>Agence TWS<br>3 rue Brulard 10000 Troyes, France<br><a href=\"https:\/\/www.agence-tws.com\">https:\/\/www.agence-tws.com<\/a><\/p>\n\n\n\n<h2 class=\"wp-block-heading\">H\u00e9bergement<\/h2>\n\n\n\n<p>OVH<br>2 rue Kellerman BP 80157 59053 ROUBAIX Cedex 1, France<\/p>\n\n\n\n<h2 class=\"wp-block-heading\">Loi \u00ab\u00a0Informatique et libert\u00e9s\u00a0\u00bb<\/h2>\n\n\n\n<p>Les informations recueillies font l\u2019objet d\u2019un traitement informatique destin\u00e9 \u00e0 vous recontacter dans le cadre d&rsquo;une offre. Le destinataire des donn\u00e9es est uniquement la soci\u00e9t\u00e9 Shoes10. Conform\u00e9ment \u00e0 la loi \u00ab\u00a0informatique et libert\u00e9s\u00a0\u00bb du 6 janvier 1978 modifi\u00e9e en 2004, vous b\u00e9n\u00e9ficiez d\u2019un droit d\u2019acc\u00e8s et de rectification aux informations qui vous concernent, que vous pouvez exercer en nous contactant. Vous pouvez \u00e9galement, pour des motifs l\u00e9gitimes, vous opposer au traitement des donn\u00e9es vous concernant.<\/p>\n\n\n\n<h2 class=\"wp-block-heading\">Liens hypertextes<\/h2>\n\n\n\n<p>Le site sport.usine23.com contient un certain nombre de liens hypertextes vers d\u2019autres sites. Cependant, La soci\u00e9t\u00e9 Shoes10 n\u2019a pas la possibilit\u00e9 de v\u00e9rifier le contenu de ces sites distants, et n\u2019assumera en cons\u00e9quence aucune responsabilit\u00e9 de ce fait. Aussi, il faudra demander l&rsquo;autorisation \u00e0 la soci\u00e9t\u00e9 Shoes10, avant de pouvoir r\u00e9aliser un lien vers le site sport.usine23.com.<\/p>\n\n\n\n<h2 class=\"wp-block-heading\">Limitations contractuelles sur les donn\u00e9es techniques<\/h2>\n\n\n\n<p>Le site utilise la technologie JavaScript. Le site Internet ne pourra \u00eatre tenu responsable de dommages mat\u00e9riels li\u00e9s \u00e0 l\u2019utilisation du site. De plus, l\u2019utilisateur du site s\u2019engage \u00e0 acc\u00e9der au site en utilisant un mat\u00e9riel r\u00e9cent, ne contenant pas de virus et avec un navigateur de derni\u00e8re g\u00e9n\u00e9ration mis-\u00e0-jour.<\/p>\n\n\n\n<h2 class=\"wp-block-heading\">Propri\u00e9t\u00e9 intellectuelle et contrefa\u00e7ons<\/h2>\n\n\n\n<p>La soci\u00e9t\u00e9 Shoes10 est propri\u00e9taire des droits de propri\u00e9t\u00e9 intellectuelle ou d\u00e9tient les droits d\u2019usage sur tous les \u00e9l\u00e9ments accessibles sur le site. Toute reproduction, repr\u00e9sentation, modification, publication, adaptation de tout ou partie des \u00e9l\u00e9ments du site est interdite. Toute exploitation non autoris\u00e9e du site ou de l\u2019un quelconque des \u00e9l\u00e9ments qu\u2019il contient sera consid\u00e9r\u00e9e comme contrefa\u00e7on.<\/p>\n\n\n\n<h2 class=\"wp-block-heading\">Limitations de responsabilit\u00e9<\/h2>\n\n\n\n<p>La soci\u00e9t\u00e9 Shoes10 ne pourra \u00eatre tenue responsable des dommages directs et indirects caus\u00e9s au mat\u00e9riel de l\u2019utilisateur, de l\u2019apparition d\u2019un bug ou d\u2019une incompatibilit\u00e9.<\/p>\n","protected":false},"excerpt":{"rendered":"<p>Le site Les mentions l\u00e9gales ci-dessous concernent le site sport.usine23.com Propri\u00e9taire Shoes103 rue Brulard, 10000 Troyes, FranceSIRET : 49848002900038RCS : TroyesT\u00e9l. : (+33) 3.25.45.77.99 Responsable d&rsquo;\u00e9dition Shoes103 rue Brulard, 10000 Troyes, FranceSIRET : 49848002900038RCS : TroyesT\u00e9l. : (+33) 3.25.45.77.99 ET Thorvilliers Athletic Club D\u00e9veloppement et infog\u00e9rance Agence TWS3 rue Brulard 10000 Troyes, Francehttps:\/\/www.agence-tws.com H\u00e9bergement OVH2 [&hellip;]<\/p>\n","protected":false},"author":1,"featured_media":0,"parent":0,"menu_order":0,"comment_status":"closed","ping_status":"closed","template":"","meta":{"footnotes":""},"class_list":["post-42","page","type-page","status-publish","hentry"],"_links":{"self":[{"href":"https:\/\/sport.usine23.com\/tac\/wp-json\/wp\/v2\/pages\/42","targetHints":{"allow":["GET"]}}],"collection":[{"href":"https:\/\/sport.usine23.com\/tac\/wp-json\/wp\/v2\/pages"}],"about":[{"href":"https:\/\/sport.usine23.com\/tac\/wp-json\/wp\/v2\/types\/page"}],"author":[{"embeddable":true,"href":"https:\/\/sport.usine23.com\/tac\/wp-json\/wp\/v2\/users\/1"}],"replies":[{"embeddable":true,"href":"https:\/\/sport.usine23.com\/tac\/wp-json\/wp\/v2\/comments?post=42"}],"version-history":[{"count":1,"href":"https:\/\/sport.usine23.com\/tac\/wp-json\/wp\/v2\/pages\/42\/revisions"}],"predecessor-version":[{"id":43,"href":"https:\/\/sport.usine23.com\/tac\/wp-json\/wp\/v2\/pages\/42\/revisions\/43"}],"wp:attachment":[{"href":"https:\/\/sport.usine23.com\/tac\/wp-json\/wp\/v2\/media?parent=42"}],"curies":[{"name":"wp","href":"https:\/\/api.w.org\/{rel}","templated":true}]}}