{"id":17,"date":"2023-10-09T11:13:02","date_gmt":"2023-10-09T09:13:02","guid":{"rendered":"https:\/\/sport.usine23.com\/tac\/?page_id=17"},"modified":"2023-10-11T10:39:40","modified_gmt":"2023-10-11T08:39:40","slug":"contact","status":"publish","type":"page","link":"https:\/\/sport.usine23.com\/tac\/contact\/","title":{"rendered":"Contact"},"content":{"rendered":"<style id=\"wpforms-css-vars-36-block-c7462e2c-aec5-4ae8-96dd-4f4b9473b4e5\">\n\t\t\t\t#wpforms-36.wpforms-block-c7462e2c-aec5-4ae8-96dd-4f4b9473b4e5 {\n\t\t\t\t--wpforms-field-text-color: #000000;\n--wpforms-label-color: #303d8e;\n--wpforms-button-border-radius: 10px;\n--wpforms-button-background-color: #d98cb7;\n--wpforms-field-size-input-height: 50px;\n--wpforms-field-size-input-spacing: 20px;\n--wpforms-field-size-font-size: 18px;\n--wpforms-field-size-line-height: 21px;\n--wpforms-field-size-padding-h: 14px;\n--wpforms-field-size-checkbox-size: 18px;\n--wpforms-field-size-sublabel-spacing: 10px;\n--wpforms-field-size-icon-size: 1.25;\n--wpforms-button-size-font-size: 20px;\n--wpforms-button-size-height: 48px;\n--wpforms-button-size-padding-h: 20px;\n--wpforms-button-size-margin-top: 15px;\n\t\t\t}\n\t\t\t<\/style><div class=\"wpforms-container wpforms-container-full wpforms-block wpforms-block-c7462e2c-aec5-4ae8-96dd-4f4b9473b4e5 wpforms-render-modern\" id=\"wpforms-36\"><form id=\"wpforms-form-36\" class=\"wpforms-validate wpforms-form wpforms-ajax-form\" data-formid=\"36\" method=\"post\" enctype=\"multipart\/form-data\" action=\"\/tac\/wp-json\/wp\/v2\/pages\/17\" data-token=\"a81d315c954d153ae5a8e38dc179cf5b\" data-token-time=\"1776660238\"><div class=\"wpforms-head-container\"><div class=\"wpforms-description\">N&rsquo;h\u00e9sitez pas \u00e0 nous envoyer un message pour toute demande ou pr\u00e9cision.<\/div><\/div><noscript class=\"wpforms-error-noscript\">Veuillez activer JavaScript dans votre navigateur pour remplir ce formulaire.<\/noscript><div id=\"wpforms-error-noscript\" style=\"display: none;\">Veuillez activer JavaScript dans votre navigateur pour remplir ce formulaire.<\/div><div class=\"wpforms-field-container\"><div id=\"wpforms-36-field_0-container\" class=\"wpforms-field wpforms-field-name\" data-field-id=\"0\"><label class=\"wpforms-field-label\" for=\"wpforms-36-field_0\">Nom et pr\u00e9nom <span class=\"wpforms-required-label\" aria-hidden=\"true\">*<\/span><\/label><input type=\"text\" id=\"wpforms-36-field_0\" class=\"wpforms-field-large wpforms-field-required\" name=\"wpforms[fields][0]\" aria-errormessage=\"wpforms-36-field_0-error\" required><\/div><div id=\"wpforms-36-field_1-container\" class=\"wpforms-field wpforms-field-email\" data-field-id=\"1\"><label class=\"wpforms-field-label\" for=\"wpforms-36-field_1\">Adresse e-mail <span class=\"wpforms-required-label\" aria-hidden=\"true\">*<\/span><\/label><input type=\"email\" id=\"wpforms-36-field_1\" class=\"wpforms-field-large wpforms-field-required\" name=\"wpforms[fields][1]\" spellcheck=\"false\" aria-errormessage=\"wpforms-36-field_1-error\" required><\/div><div id=\"wpforms-36-field_2-container\" class=\"wpforms-field wpforms-field-textarea\" data-field-id=\"2\"><label class=\"wpforms-field-label\" for=\"wpforms-36-field_2\">Votre message <span class=\"wpforms-required-label\" aria-hidden=\"true\">*<\/span><\/label><textarea id=\"wpforms-36-field_2\" class=\"wpforms-field-medium wpforms-field-required wpforms-limit-characters-enabled\" data-form-id=\"36\" data-field-id=\"2\" data-text-limit=\"500\" name=\"wpforms[fields][2]\" aria-errormessage=\"wpforms-36-field_2-error\" maxlength=\"500\" required><\/textarea><\/div><\/div><!-- .wpforms-field-container --><div class=\"wpforms-recaptcha-container wpforms-is-hcaptcha\" ><div class=\"h-captcha\" data-sitekey=\"799c7cf2-8402-4f00-b39e-f08284c072c6\"><\/div><input type=\"text\" name=\"g-recaptcha-hidden\" class=\"wpforms-recaptcha-hidden\" style=\"position:absolute!important;clip:rect(0,0,0,0)!important;height:1px!important;width:1px!important;border:0!important;overflow:hidden!important;padding:0!important;margin:0!important;\" data-rule-hcaptcha=\"1\"><\/div><div class=\"wpforms-submit-container\" ><input type=\"hidden\" name=\"wpforms[id]\" value=\"36\"><input type=\"hidden\" name=\"page_title\" value=\"\"><input type=\"hidden\" name=\"page_url\" value=\"https:\/\/sport.usine23.com\/tac\/wp-json\/wp\/v2\/pages\/17\"><input type=\"hidden\" name=\"url_referer\" value=\"\"><button type=\"submit\" name=\"wpforms[submit]\" id=\"wpforms-submit-36\" class=\"wpforms-submit\" data-alt-text=\"Envoi...\" data-submit-text=\"Envoyer\" aria-live=\"assertive\" value=\"wpforms-submit\">Envoyer<\/button><img decoding=\"async\" src=\"https:\/\/sport.usine23.com\/tac\/wp-content\/plugins\/wpforms-lite\/assets\/images\/submit-spin.svg\" class=\"wpforms-submit-spinner\" style=\"display: none;\" width=\"26\" height=\"26\" alt=\"Chargement en cours\"><\/div><\/form><\/div>  <!-- .wpforms-container -->\n\n\n<p>Les informations recueillies \u00e0 partir de ce formulaire ne sont pas stock\u00e9es par le site Internet, et sont transmises \u00e0 notre service client.<\/p>\n","protected":false},"excerpt":{"rendered":"<p>Les informations recueillies \u00e0 partir de ce formulaire ne sont pas stock\u00e9es par le site Internet, et sont transmises \u00e0 notre service client.<\/p>\n","protected":false},"author":1,"featured_media":0,"parent":0,"menu_order":0,"comment_status":"closed","ping_status":"closed","template":"","meta":{"footnotes":""},"class_list":["post-17","page","type-page","status-publish","hentry"],"_links":{"self":[{"href":"https:\/\/sport.usine23.com\/tac\/wp-json\/wp\/v2\/pages\/17","targetHints":{"allow":["GET"]}}],"collection":[{"href":"https:\/\/sport.usine23.com\/tac\/wp-json\/wp\/v2\/pages"}],"about":[{"href":"https:\/\/sport.usine23.com\/tac\/wp-json\/wp\/v2\/types\/page"}],"author":[{"embeddable":true,"href":"https:\/\/sport.usine23.com\/tac\/wp-json\/wp\/v2\/users\/1"}],"replies":[{"embeddable":true,"href":"https:\/\/sport.usine23.com\/tac\/wp-json\/wp\/v2\/comments?post=17"}],"version-history":[{"count":5,"href":"https:\/\/sport.usine23.com\/tac\/wp-json\/wp\/v2\/pages\/17\/revisions"}],"predecessor-version":[{"id":685,"href":"https:\/\/sport.usine23.com\/tac\/wp-json\/wp\/v2\/pages\/17\/revisions\/685"}],"wp:attachment":[{"href":"https:\/\/sport.usine23.com\/tac\/wp-json\/wp\/v2\/media?parent=17"}],"curies":[{"name":"wp","href":"https:\/\/api.w.org\/{rel}","templated":true}]}}