{"id":5,"date":"2026-01-06T17:22:57","date_gmt":"2026-01-06T16:22:57","guid":{"rendered":"https:\/\/sport.usine23.com\/ssf\/panier\/"},"modified":"2026-01-29T12:42:13","modified_gmt":"2026-01-29T11:42:13","slug":"panier","status":"publish","type":"page","link":"https:\/\/sport.usine23.com\/ssf\/panier\/","title":{"rendered":"Panier"},"content":{"rendered":"\n<p>Livraison sous 1 mois, au club, sous r\u00e9serve de disponibilit\u00e9 des stocks. Si un souci d\u2019approvisionnement est constat\u00e9, vous serez contact\u00e9 (v\u00e9rifiez l\u2019exactitude de vos informations).<\/p>\n\n\n\n\n\n\n<p><\/p>\n","protected":false},"excerpt":{"rendered":"<p>Livraison sous 1 mois, au club, sous r\u00e9serve de disponibilit\u00e9 des stocks. Si un souci d\u2019approvisionnement est constat\u00e9, vous serez contact\u00e9 (v\u00e9rifiez l\u2019exactitude de vos informations).<\/p>\n","protected":false},"author":1,"featured_media":0,"parent":0,"menu_order":0,"comment_status":"closed","ping_status":"closed","template":"","meta":{"footnotes":""},"class_list":["post-5","page","type-page","status-publish","hentry"],"_links":{"self":[{"href":"https:\/\/sport.usine23.com\/ssf\/wp-json\/wp\/v2\/pages\/5","targetHints":{"allow":["GET"]}}],"collection":[{"href":"https:\/\/sport.usine23.com\/ssf\/wp-json\/wp\/v2\/pages"}],"about":[{"href":"https:\/\/sport.usine23.com\/ssf\/wp-json\/wp\/v2\/types\/page"}],"author":[{"embeddable":true,"href":"https:\/\/sport.usine23.com\/ssf\/wp-json\/wp\/v2\/users\/1"}],"replies":[{"embeddable":true,"href":"https:\/\/sport.usine23.com\/ssf\/wp-json\/wp\/v2\/comments?post=5"}],"version-history":[{"count":3,"href":"https:\/\/sport.usine23.com\/ssf\/wp-json\/wp\/v2\/pages\/5\/revisions"}],"predecessor-version":[{"id":479,"href":"https:\/\/sport.usine23.com\/ssf\/wp-json\/wp\/v2\/pages\/5\/revisions\/479"}],"wp:attachment":[{"href":"https:\/\/sport.usine23.com\/ssf\/wp-json\/wp\/v2\/media?parent=5"}],"curies":[{"name":"wp","href":"https:\/\/api.w.org\/{rel}","templated":true}]}}