{"id":670,"date":"2023-06-01T15:54:12","date_gmt":"2023-06-01T13:54:12","guid":{"rendered":"https:\/\/sport.usine23.com\/esna\/?page_id=670"},"modified":"2023-06-02T09:25:41","modified_gmt":"2023-06-02T07:25:41","slug":"contact","status":"publish","type":"page","link":"https:\/\/sport.usine23.com\/esna\/contact\/","title":{"rendered":"Contact"},"content":{"rendered":"<div class=\"wpforms-container wpforms-container-full wpforms-block wpforms-block-1b97555b-9b9a-43bb-a21f-de0e3d2a4836\" id=\"wpforms-668\"><form id=\"wpforms-form-668\" class=\"wpforms-validate wpforms-form wpforms-ajax-form\" data-formid=\"668\" method=\"post\" enctype=\"multipart\/form-data\" action=\"\/esna\/wp-json\/wp\/v2\/pages\/670\" data-token=\"ea170e7f0ff8b2c97f7aa22c3b9ccc80\" data-token-time=\"1778933905\"><noscript class=\"wpforms-error-noscript\">Veuillez activer JavaScript dans votre navigateur pour remplir ce formulaire.<\/noscript><div class=\"wpforms-field-container\"><div id=\"wpforms-668-field_0-container\" class=\"wpforms-field wpforms-field-name\" data-field-id=\"0\"><label class=\"wpforms-field-label\" for=\"wpforms-668-field_0\">Nom et pr\u00e9nom <span class=\"wpforms-required-label\">*<\/span><\/label><input type=\"text\" id=\"wpforms-668-field_0\" class=\"wpforms-field-large wpforms-field-required\" name=\"wpforms[fields][0]\" required><\/div><div id=\"wpforms-668-field_1-container\" class=\"wpforms-field wpforms-field-email\" data-field-id=\"1\"><label class=\"wpforms-field-label\" for=\"wpforms-668-field_1\">E-mail <span class=\"wpforms-required-label\">*<\/span><\/label><input type=\"email\" id=\"wpforms-668-field_1\" class=\"wpforms-field-large wpforms-field-required\" name=\"wpforms[fields][1]\" spellcheck=\"false\" required><\/div><div id=\"wpforms-668-field_2-container\" class=\"wpforms-field wpforms-field-textarea\" data-field-id=\"2\"><label class=\"wpforms-field-label\" for=\"wpforms-668-field_2\">Commentaire ou message<\/label><textarea id=\"wpforms-668-field_2\" class=\"wpforms-field-medium\" name=\"wpforms[fields][2]\" ><\/textarea><\/div><\/div><!-- .wpforms-field-container --><div class=\"wpforms-recaptcha-container wpforms-is-hcaptcha\" ><div class=\"h-captcha\" data-sitekey=\"799c7cf2-8402-4f00-b39e-f08284c072c6\"><\/div><input type=\"text\" name=\"g-recaptcha-hidden\" class=\"wpforms-recaptcha-hidden\" style=\"position:absolute!important;clip:rect(0,0,0,0)!important;height:1px!important;width:1px!important;border:0!important;overflow:hidden!important;padding:0!important;margin:0!important;\" data-rule-hcaptcha=\"1\"><\/div><div class=\"wpforms-submit-container\" ><input type=\"hidden\" name=\"wpforms[id]\" value=\"668\"><input type=\"hidden\" name=\"page_title\" value=\"\"><input type=\"hidden\" name=\"page_url\" value=\"https:\/\/sport.usine23.com\/esna\/wp-json\/wp\/v2\/pages\/670\"><input type=\"hidden\" name=\"url_referer\" value=\"\"><button type=\"submit\" name=\"wpforms[submit]\" id=\"wpforms-submit-668\" class=\"wpforms-submit\" data-alt-text=\"Envoi...\" data-submit-text=\"Envoyer\" aria-live=\"assertive\" value=\"wpforms-submit\">Envoyer<\/button><img decoding=\"async\" src=\"https:\/\/sport.usine23.com\/esna\/wp-content\/plugins\/wpforms-lite\/assets\/images\/submit-spin.svg\" class=\"wpforms-submit-spinner\" style=\"display: none;\" width=\"26\" height=\"26\" alt=\"Chargement en cours\"><\/div><\/form><\/div>  <!-- .wpforms-container -->\n\n\n<p>Les informations recueillies \u00e0 partir de ce formulaire ne sont pas stock\u00e9es par le site Internet, et sont transmises \u00e0 notre service client.<\/p>\n","protected":false},"excerpt":{"rendered":"<p>Les informations recueillies \u00e0 partir de ce formulaire ne sont pas stock\u00e9es par le site Internet, et sont transmises \u00e0 notre service client.<\/p>\n","protected":false},"author":1,"featured_media":0,"parent":0,"menu_order":0,"comment_status":"closed","ping_status":"closed","template":"","meta":{"footnotes":""},"class_list":["post-670","page","type-page","status-publish","hentry"],"_links":{"self":[{"href":"https:\/\/sport.usine23.com\/esna\/wp-json\/wp\/v2\/pages\/670","targetHints":{"allow":["GET"]}}],"collection":[{"href":"https:\/\/sport.usine23.com\/esna\/wp-json\/wp\/v2\/pages"}],"about":[{"href":"https:\/\/sport.usine23.com\/esna\/wp-json\/wp\/v2\/types\/page"}],"author":[{"embeddable":true,"href":"https:\/\/sport.usine23.com\/esna\/wp-json\/wp\/v2\/users\/1"}],"replies":[{"embeddable":true,"href":"https:\/\/sport.usine23.com\/esna\/wp-json\/wp\/v2\/comments?post=670"}],"version-history":[{"count":2,"href":"https:\/\/sport.usine23.com\/esna\/wp-json\/wp\/v2\/pages\/670\/revisions"}],"predecessor-version":[{"id":727,"href":"https:\/\/sport.usine23.com\/esna\/wp-json\/wp\/v2\/pages\/670\/revisions\/727"}],"wp:attachment":[{"href":"https:\/\/sport.usine23.com\/esna\/wp-json\/wp\/v2\/media?parent=670"}],"curies":[{"name":"wp","href":"https:\/\/api.w.org\/{rel}","templated":true}]}}