{"id":5,"date":"2023-05-26T17:58:47","date_gmt":"2023-05-26T15:58:47","guid":{"rendered":"https:\/\/sport.usine23.com\/esna\/panier\/"},"modified":"2025-11-05T09:41:02","modified_gmt":"2025-11-05T08:41:02","slug":"panier","status":"publish","type":"page","link":"https:\/\/sport.usine23.com\/esna\/panier\/","title":{"rendered":"Panier"},"content":{"rendered":"\n<figure class=\"wp-block-image size-full\"><a href=\"https:\/\/www.usine23.com\/offre-foot-equipemntier-sportif\" target=\"_blank\" rel=\" noreferrer noopener\"><img fetchpriority=\"high\" decoding=\"async\" width=\"2560\" height=\"710\" src=\"https:\/\/sport.usine23.com\/esna\/wp-content\/uploads\/sites\/4\/2025\/09\/ESNA_banniere_panier.jpg\" alt=\"Banni\u00e8re ESNA\" class=\"wp-image-1304\" srcset=\"https:\/\/sport.usine23.com\/esna\/wp-content\/uploads\/sites\/4\/2025\/09\/ESNA_banniere_panier.jpg 2560w, https:\/\/sport.usine23.com\/esna\/wp-content\/uploads\/sites\/4\/2025\/09\/ESNA_banniere_panier-300x83.jpg 300w, https:\/\/sport.usine23.com\/esna\/wp-content\/uploads\/sites\/4\/2025\/09\/ESNA_banniere_panier-1024x284.jpg 1024w, https:\/\/sport.usine23.com\/esna\/wp-content\/uploads\/sites\/4\/2025\/09\/ESNA_banniere_panier-768x213.jpg 768w, https:\/\/sport.usine23.com\/esna\/wp-content\/uploads\/sites\/4\/2025\/09\/ESNA_banniere_panier-1536x426.jpg 1536w, https:\/\/sport.usine23.com\/esna\/wp-content\/uploads\/sites\/4\/2025\/09\/ESNA_banniere_panier-2048x568.jpg 2048w, https:\/\/sport.usine23.com\/esna\/wp-content\/uploads\/sites\/4\/2025\/09\/ESNA_banniere_panier-500x139.jpg 500w, https:\/\/sport.usine23.com\/esna\/wp-content\/uploads\/sites\/4\/2025\/09\/ESNA_banniere_panier-600x166.jpg 600w\" sizes=\"(max-width: 2560px) 100vw, 2560px\" \/><\/a><\/figure>\n\n\n\n<p>Livraison sous 1 mois, au club, sous r\u00e9serve de disponibilit\u00e9 des stocks. Si un souci d\u2019approvisionnement est constat\u00e9, vous serez contact\u00e9 (v\u00e9rifiez l\u2019exactitude de vos informations).<\/p>\n\n\n\n","protected":false},"excerpt":{"rendered":"<p>Livraison sous 1 mois, au club, sous r\u00e9serve de disponibilit\u00e9 des stocks. Si un souci d\u2019approvisionnement est constat\u00e9, vous serez contact\u00e9 (v\u00e9rifiez l\u2019exactitude de vos informations).<\/p>\n","protected":false},"author":1,"featured_media":0,"parent":0,"menu_order":0,"comment_status":"closed","ping_status":"closed","template":"","meta":{"footnotes":""},"class_list":["post-5","page","type-page","status-publish","hentry"],"_links":{"self":[{"href":"https:\/\/sport.usine23.com\/esna\/wp-json\/wp\/v2\/pages\/5","targetHints":{"allow":["GET"]}}],"collection":[{"href":"https:\/\/sport.usine23.com\/esna\/wp-json\/wp\/v2\/pages"}],"about":[{"href":"https:\/\/sport.usine23.com\/esna\/wp-json\/wp\/v2\/types\/page"}],"author":[{"embeddable":true,"href":"https:\/\/sport.usine23.com\/esna\/wp-json\/wp\/v2\/users\/1"}],"replies":[{"embeddable":true,"href":"https:\/\/sport.usine23.com\/esna\/wp-json\/wp\/v2\/comments?post=5"}],"version-history":[{"count":6,"href":"https:\/\/sport.usine23.com\/esna\/wp-json\/wp\/v2\/pages\/5\/revisions"}],"predecessor-version":[{"id":1461,"href":"https:\/\/sport.usine23.com\/esna\/wp-json\/wp\/v2\/pages\/5\/revisions\/1461"}],"wp:attachment":[{"href":"https:\/\/sport.usine23.com\/esna\/wp-json\/wp\/v2\/media?parent=5"}],"curies":[{"name":"wp","href":"https:\/\/api.w.org\/{rel}","templated":true}]}}