{"id":6,"date":"2022-12-09T11:46:47","date_gmt":"2022-12-09T10:46:47","guid":{"rendered":"https:\/\/sport.usine23.com\/asdsb\/panier\/"},"modified":"2025-11-05T09:40:30","modified_gmt":"2025-11-05T08:40:30","slug":"panier","status":"publish","type":"page","link":"https:\/\/sport.usine23.com\/asdsb\/panier\/","title":{"rendered":"Panier"},"content":{"rendered":"\n<figure class=\"wp-block-image size-full\"><a href=\"https:\/\/www.usine23.com\/offre-foot-equipemntier-sportif\" target=\"_blank\" rel=\" noreferrer noopener\"><img fetchpriority=\"high\" decoding=\"async\" width=\"2560\" height=\"710\" src=\"https:\/\/sport.usine23.com\/asdsb\/wp-content\/uploads\/sites\/3\/2025\/09\/AS-droupt_St-basle_banniere_catalogue-panier.jpg\" alt=\"Banni\u00e8re AS Droupt St Basle\" class=\"wp-image-6369\" srcset=\"https:\/\/sport.usine23.com\/asdsb\/wp-content\/uploads\/sites\/3\/2025\/09\/AS-droupt_St-basle_banniere_catalogue-panier.jpg 2560w, https:\/\/sport.usine23.com\/asdsb\/wp-content\/uploads\/sites\/3\/2025\/09\/AS-droupt_St-basle_banniere_catalogue-panier-700x194.jpg 700w, https:\/\/sport.usine23.com\/asdsb\/wp-content\/uploads\/sites\/3\/2025\/09\/AS-droupt_St-basle_banniere_catalogue-panier-300x83.jpg 300w, https:\/\/sport.usine23.com\/asdsb\/wp-content\/uploads\/sites\/3\/2025\/09\/AS-droupt_St-basle_banniere_catalogue-panier-1024x284.jpg 1024w, https:\/\/sport.usine23.com\/asdsb\/wp-content\/uploads\/sites\/3\/2025\/09\/AS-droupt_St-basle_banniere_catalogue-panier-768x213.jpg 768w, https:\/\/sport.usine23.com\/asdsb\/wp-content\/uploads\/sites\/3\/2025\/09\/AS-droupt_St-basle_banniere_catalogue-panier-1536x426.jpg 1536w, https:\/\/sport.usine23.com\/asdsb\/wp-content\/uploads\/sites\/3\/2025\/09\/AS-droupt_St-basle_banniere_catalogue-panier-2048x568.jpg 2048w\" sizes=\"(max-width: 2560px) 100vw, 2560px\" \/><\/a><\/figure>\n\n\n\n<p>Livraison sous 1 mois, au club, sous r\u00e9serve de disponibilit\u00e9 des stocks. Si un souci d\u2019approvisionnement est constat\u00e9, vous serez contact\u00e9 (v\u00e9rifiez l\u2019exactitude de vos informations).<\/p>\n\n\n\n","protected":false},"excerpt":{"rendered":"<p>Livraison sous 1 mois, au club, sous r\u00e9serve de disponibilit\u00e9 des stocks. Si un souci d\u2019approvisionnement est constat\u00e9, vous serez contact\u00e9 (v\u00e9rifiez l\u2019exactitude de vos informations).<\/p>\n","protected":false},"author":1,"featured_media":0,"parent":0,"menu_order":0,"comment_status":"closed","ping_status":"closed","template":"","meta":{"_bbp_topic_count":0,"_bbp_reply_count":0,"_bbp_total_topic_count":0,"_bbp_total_reply_count":0,"_bbp_voice_count":0,"_bbp_anonymous_reply_count":0,"_bbp_topic_count_hidden":0,"_bbp_reply_count_hidden":0,"_bbp_forum_subforum_count":0,"footnotes":""},"class_list":["post-6","page","type-page","status-publish","hentry"],"_links":{"self":[{"href":"https:\/\/sport.usine23.com\/asdsb\/wp-json\/wp\/v2\/pages\/6","targetHints":{"allow":["GET"]}}],"collection":[{"href":"https:\/\/sport.usine23.com\/asdsb\/wp-json\/wp\/v2\/pages"}],"about":[{"href":"https:\/\/sport.usine23.com\/asdsb\/wp-json\/wp\/v2\/types\/page"}],"author":[{"embeddable":true,"href":"https:\/\/sport.usine23.com\/asdsb\/wp-json\/wp\/v2\/users\/1"}],"replies":[{"embeddable":true,"href":"https:\/\/sport.usine23.com\/asdsb\/wp-json\/wp\/v2\/comments?post=6"}],"version-history":[{"count":11,"href":"https:\/\/sport.usine23.com\/asdsb\/wp-json\/wp\/v2\/pages\/6\/revisions"}],"predecessor-version":[{"id":6411,"href":"https:\/\/sport.usine23.com\/asdsb\/wp-json\/wp\/v2\/pages\/6\/revisions\/6411"}],"wp:attachment":[{"href":"https:\/\/sport.usine23.com\/asdsb\/wp-json\/wp\/v2\/media?parent=6"}],"curies":[{"name":"wp","href":"https:\/\/api.w.org\/{rel}","templated":true}]}}