{"id":5,"date":"2026-01-07T10:18:57","date_gmt":"2026-01-07T09:18:57","guid":{"rendered":"https:\/\/sport.usine23.com\/afc\/panier\/"},"modified":"2026-01-27T15:08:01","modified_gmt":"2026-01-27T14:08:01","slug":"panier","status":"publish","type":"page","link":"https:\/\/sport.usine23.com\/afc\/panier\/","title":{"rendered":"Panier"},"content":{"rendered":"\n<figure class=\"wp-block-image size-full\"><img fetchpriority=\"high\" decoding=\"async\" width=\"1200\" height=\"1200\" src=\"https:\/\/sport.usine23.com\/afc\/wp-content\/uploads\/sites\/15\/woocommerce-placeholder.webp\" alt=\"\" class=\"wp-image-3\" srcset=\"https:\/\/sport.usine23.com\/afc\/wp-content\/uploads\/sites\/15\/woocommerce-placeholder.webp 1200w, https:\/\/sport.usine23.com\/afc\/wp-content\/uploads\/sites\/15\/woocommerce-placeholder-300x300.webp 300w, https:\/\/sport.usine23.com\/afc\/wp-content\/uploads\/sites\/15\/woocommerce-placeholder-1024x1024.webp 1024w, https:\/\/sport.usine23.com\/afc\/wp-content\/uploads\/sites\/15\/woocommerce-placeholder-150x150.webp 150w, https:\/\/sport.usine23.com\/afc\/wp-content\/uploads\/sites\/15\/woocommerce-placeholder-768x768.webp 768w\" sizes=\"(max-width: 1200px) 100vw, 1200px\" \/><\/figure>\n\n\n\n<p>Livraison sous 1 mois, au club, sous r\u00e9serve de disponibilit\u00e9 des stocks. Si un souci d\u2019approvisionnement est constat\u00e9, vous serez contact\u00e9 (v\u00e9rifiez l\u2019exactitude de vos informations).<\/p>\n\n\n\n","protected":false},"excerpt":{"rendered":"<p>Livraison sous 1 mois, au club, sous r\u00e9serve de disponibilit\u00e9 des stocks. Si un souci d\u2019approvisionnement est constat\u00e9, vous serez contact\u00e9 (v\u00e9rifiez l\u2019exactitude de vos informations).<\/p>\n","protected":false},"author":1,"featured_media":0,"parent":0,"menu_order":0,"comment_status":"closed","ping_status":"closed","template":"","meta":{"footnotes":""},"class_list":["post-5","page","type-page","status-publish","hentry"],"_links":{"self":[{"href":"https:\/\/sport.usine23.com\/afc\/wp-json\/wp\/v2\/pages\/5","targetHints":{"allow":["GET"]}}],"collection":[{"href":"https:\/\/sport.usine23.com\/afc\/wp-json\/wp\/v2\/pages"}],"about":[{"href":"https:\/\/sport.usine23.com\/afc\/wp-json\/wp\/v2\/types\/page"}],"author":[{"embeddable":true,"href":"https:\/\/sport.usine23.com\/afc\/wp-json\/wp\/v2\/users\/1"}],"replies":[{"embeddable":true,"href":"https:\/\/sport.usine23.com\/afc\/wp-json\/wp\/v2\/comments?post=5"}],"version-history":[{"count":2,"href":"https:\/\/sport.usine23.com\/afc\/wp-json\/wp\/v2\/pages\/5\/revisions"}],"predecessor-version":[{"id":147,"href":"https:\/\/sport.usine23.com\/afc\/wp-json\/wp\/v2\/pages\/5\/revisions\/147"}],"wp:attachment":[{"href":"https:\/\/sport.usine23.com\/afc\/wp-json\/wp\/v2\/media?parent=5"}],"curies":[{"name":"wp","href":"https:\/\/api.w.org\/{rel}","templated":true}]}}